{"id":1077,"date":"2015-03-13T19:38:54","date_gmt":"2015-03-13T18:38:54","guid":{"rendered":"http:\/\/www.evelyn-sommerhoff.de\/?page_id=1077"},"modified":"2017-02-04T14:10:41","modified_gmt":"2017-02-04T13:10:41","slug":"presse","status":"publish","type":"page","link":"https:\/\/www.evelyn-sommerhoff.de\/?page_id=1077","title":{"rendered":"PRESSE aktuell"},"content":{"rendered":"<p><!-- Header --><\/p>\n<header>\n<div class=\"top-bar hidden-sm hidden-xs\"><\/div>\n<p><!-- Nav --><\/p>\n<div id=\"undefined-sticky-wrapper\" class=\"sticky-wrapper\">\n<nav class=\"navbar\">\n<div class=\"navbar-inner\">\n<div class=\"logo-mobile-wrapper\"><\/div>\n<p class=\"container\">\n<div class=\"container\"><select id=\"selectnav1\" class=\"selectnav\"><option selected=\"selected\" value=\"\">MEN\u00dc<\/option><option value=\"http:\/\/www.die-mitte.berlin\/de\/home\">Startseite<\/option><option value=\"http:\/\/www.die-mitte.berlin\/de\/einblick\">Einblick<\/option><option value=\"http:\/\/www.die-mitte.berlin\/de\/berlin-mitte\">&#8211; Berlin-Mitte<\/option><option value=\"http:\/\/www.die-mitte.berlin\/de\/jahresempfang\">&#8211; Jahresempfang<\/option><option value=\"http:\/\/www.die-mitte.berlin\/de\/verein\">&#8211; Verein<\/option><option value=\"http:\/\/www.die-mitte.berlin\/de\/lageplan\">&#8211; Lageplan<\/option><option value=\"http:\/\/www.die-mitte.berlin\/de\/alle-mitglieder\">&#8211; Mitglieder<\/option><option value=\"http:\/\/www.die-mitte.berlin\/de\/mitglied-werden\">&#8211; Mitglied werden<\/option><option value=\"http:\/\/www.die-mitte.berlin\/de\/gesicht-des-monats-uebersicht\">&#8211; Gesicht des Monats<\/option><option value=\"http:\/\/www.die-mitte.berlin\/de\/alle-emagazine\">&#8211; Emagazin<\/option><option value=\"http:\/\/www.die-mitte.berlin\/de\/impressum\">&#8211; Impressum<\/option><option value=\"http:\/\/www.die-mitte.berlin\/de\/newsletter\">&#8211; newsletter<\/option><option value=\"http:\/\/www.die-mitte.berlin\/de\/alle-news\">News<\/option><option value=\"http:\/\/www.die-mitte.berlin\/de\/alle-events\">Events<\/option><option value=\"http:\/\/www.die-mitte.berlin\/de\/publicwlan\">PublicWlan<\/option><\/select><!-- Menu End --> <!-- Logo --> <a href=\"http:\/\/www.die-mitte.berlin\/de\/home\"><img decoding=\"async\" id=\"logo\" class=\"logo-small\" src=\"http:\/\/www.die-mitte.berlin\/img\/layout\/logo-die-mitte-ev.jpg\" alt=\"Die Mitte e.V.\" \/><\/a> <!-- Top-SC-Container --><\/div>\n<div class=\"top-sc-container\">\n<form id=\"SiteMemberForm\" accept-charset=\"utf-8\" action=\"http:\/\/www.die-mitte.berlin\/de\/suche\" method=\"post\">\n<div><input name=\"_method\" type=\"hidden\" value=\"POST\" \/><\/div>\n<p><label for=\"SiteSearchTerm\"><\/label><input id=\"SiteSearchTerm\" name=\"data[Site][search_term]\" required=\"required\" type=\"text\" \/><button class=\"search-btn\" type=\"submit\"> suchen <\/button><\/form>\n<\/div>\n<p><!-- Top-SC-Container End --><\/div>\n<\/nav>\n<\/div>\n<p><!-- Nav End --><\/header>\n<p><!-- Header End --><\/p>\n<div class=\"space40\"><\/div>\n<p><!-- Content --><\/p>\n<div class=\"container\">\n<div class=\"row\"><!-- main content --> <!-- temp in layout --><\/p>\n<div class=\"col-md-8 main-column\">\n<h1>RED my first love<\/h1>\n<h4>Ausstellung von Evelyn Sommerhoff<\/h4>\n<div class=\"breadcrumb-menu\"><a href=\"http:\/\/www.die-mitte.berlin\/de\/home\">Start<\/a> \/ <a href=\"http:\/\/www.die-mitte.berlin\/de\/alle-news\">News<\/a> \/ RED my first love<\/div>\n<div class=\"news-wrapper\">\n<div class=\"news-image\"><img decoding=\"async\" src=\"http:\/\/www.die-mitte.berlin\/ecmsResize\/admin\/Mitglieder%20Logos\/Goldberg\/690x310\/Vernissage_Evelyn_Sommerhoff_DIE_MITTE_Veranstaltungshinweis0.jpg\" alt=\"userUpload\/admin\/Mitglieder Logos\/Goldberg\/Vernissage_Evelyn_Sommerhoff_DIE_MITTE_Veranstaltungshinweis0.jpg\" \/><\/div>\n<div class=\"news-text\">\n<div class=\"space10\"><\/div>\n<h5>24.11.2016, Goldberg Schmuck<\/h5>\n<p>Ab dem 7.12.2016\u00a0\u00a0pr\u00e4sentieren Tatjana Goldberg und Reiner Grabowitz in ihrer Galerie:<\/p>\n<h3>Evelyn Sommerhoff\u00a0R E D my first love<\/h3>\n<p>Evelyn Sommerhoff in Potsdam geboren, 1971-75 Studium an der Humboldt Universit\u00e4t zu Berlin, 1975-79 Studium der Kunst an der FWG Potsdam, 1986 Ausreise aus der DDR, 1986-89 postgraduales Studium der Osteuropawissenschaften an der FU Berlin und Studium der Kunst, seit 1992 selbst\u00e4ndige K\u00fcnstlerin \/\/ 2009 VBK-Kunstpreis\/ Benninghauspreis<\/p>\n<p>Trifft man auf Arbeiten von EVELYN SOMMERHOFF, trifft man unweigerlich auf die Farbe ROT. Bewegte rote Linien erz\u00e4hlen erotische Geschichten, gespickt voll Leidenschaft und Begehren. K\u00f6rper und Linien tanzen miteinander ihren Reigen und die Farbe ROT in ihrer anregenden Schwingung leuchtet mit starker symbolischer Kraft in den Raum hinein, zieht uns zur\u00fcck in das Bild, in seine Geschichte, in die Mythologie der Antike oder der Sch\u00f6nheit des einfachen Seins, der Erotik des K\u00f6rpers in der Kunst.<\/p>\n<p>Evelyn Sommerhoff versteht es mit der Farbe ROT waghalsig zu spielen, provoziert, schafft Raum f\u00fcr Sensibilit\u00e4t, Erkennbarkeit und Verfremdung, Gegenst\u00e4ndlichkeit und Abstraktion.<\/p>\n<hr \/>\n<p><a href=\"http:\/\/www.goldbergberlin.com\/\">Tatjana Goldberg<\/a> | Atelier &amp; Galerie f\u00fcr moderne Kunst und Schmuck<br \/>\nChausseestr. 116, 10115 Berlin<\/p>\n<p>&nbsp;<\/p>\n<div class=\"space60\"><\/div>\n<\/div>\n<\/div>\n<div class=\"space30\">\nDIE MITTE e.V.<\/div>\n<\/div>\n<div class=\"col-md-4 sidebar\">\n<div class=\"newsletter-abo-box\">\n<form id=\"NewsletterUserSingleNewsForm\" accept-charset=\"utf-8\" action=\"http:\/\/www.die-mitte.berlin\/de\/singleNews\/52\" method=\"post\" novalidate=\"novalidate\">\n<div><input name=\"_method\" type=\"hidden\" value=\"POST\" \/><\/div>\n<p><input id=\"NewsletterUserNewsletterabo\" name=\"data[NewsletterUser][newsletterabo]\" type=\"hidden\" value=\"1\" \/><label for=\"newsletterEmailGlobal\"><\/label><input id=\"newsletterEmailGlobal\" maxlength=\"255\" name=\"data[NewsletterUser][email]\" required=\"required\" type=\"email\" value=\"\" placeholder=\"E-Mail-Adresse*\" \/><input class=\"btn\" type=\"submit\" value=\"Anmelden\" \/><\/form>\n<\/div>\n<div class=\"space30\"><\/div>\n<\/div>\n<\/div>\n<\/div>\n<footer class=\"footer\">\n<div class=\"footer-container\">\n<div class=\"container\">\n<div class=\"row\">\n<div class=\"col-md-4 col-sm-6 footer-box-1\">\n<h3>Die Mitte e. V.<\/h3>\n<p>DIE MITTE e. V.- Gemeinschaft der Anrainer im Zentrum der deutschen Hauptstadt, seit 1991<\/p>\n<p class=\"thanks\">in Kooperation mit: BVMW Hauptstadtregion Nord | East End &#8211; das Berliner Theaterviertel | IG Leipziger Stra\u00dfe\/ Krausenstra\u00dfe e. V. | Nikolaiviertel e. V. | Wirtschaftskreis Mitte e. V.<\/p>\n<div class=\"space30\"><\/div>\n<\/div>\n<div class=\"col-md-4 col-sm-6 footer-box-2\">\n<h4>Kontakt<\/h4>\n<div class=\"row\">\n<div class=\"col-md-6 col-sm-6 col-xs-6\">DIE MITTE e. V.<br \/>\nFriedrichstra\u00dfe 95<br \/>\n10117 Berlin \u2013 Mitte<\/p>\n<div class=\"space30\"><\/div>\n<p><a class=\"btn\" href=\"http:\/\/www.die-mitte.berlin\/de\/impressum\">Impressum<\/a><\/p>\n<div class=\"space30\"><\/div>\n<\/div>\n<div class=\"col-md-6 col-sm-6 col-xs-6\">+49 30 2096 2390<br \/>\n<a>info@die-mitte.berlin<\/a><\/p>\n<div class=\"space30\"><\/div>\n<\/div>\n<\/div>\n<\/div>\n<div class=\"col-md-4 col-md-offset-0 col-sm-8 col-sm-offset-2 footer-box-3\">\n<div class=\"feedback\">\n<form id=\"ContactSingleNewsForm\" accept-charset=\"utf-8\" action=\"http:\/\/www.die-mitte.berlin\/de\/singleNews\/52#footerFeedback\" method=\"post\">\n<div><input name=\"_method\" type=\"hidden\" value=\"POST\" \/><input id=\"ContactEmail\" class=\"form-control\" name=\"data[Contact][email]\" type=\"email\" placeholder=\"E-Mail-Adresse*\" \/><\/div>\n<div class=\"row\"><textarea id=\"ContactMessage\" class=\"form-control\" cols=\"30\" name=\"data[Contact][message]\" rows=\"6\" placeholder=\"Nachricht an uns...*\">Nachricht an uns&#8230;*<\/textarea><\/div>\n<div class=\"row\"><input id=\"ContactPrivacy_\" name=\"data[Contact][privacy]\" type=\"hidden\" value=\"0\" \/><\/div>\n<div class=\"space30\"><\/div>\n<p><input class=\"btn\" type=\"submit\" value=\"Absenden\" \/><\/form>\n<\/div>\n<\/div>\n<\/div>\n<\/div>\n<\/div>\n<div class=\"copyright\">\n<div class=\"container\">\n<div class=\"row\">\n<div class=\"col-md-4 col-sm-4\">\n<p>&nbsp;<\/p>\n<\/div>\n<\/div>\n<\/div>\n<\/div>\n<\/footer>\n<p><!-- Footer End --> <!-- JavaScripts --><\/p>\n<p>&nbsp;<\/p>\n<p>&nbsp;<\/p>\n<p>:\/\/www.wiesbadener-kurier.de\/index.htm<em>Kultur vor Ort<\/em> <em>09.03.2015<\/em><\/p>\n<h1>Ausstellungen in Wiesbadener Galerien Lumas und Cornelissen<\/h1>\n<div id=\"attachment_775\" style=\"width: 310px\" class=\"wp-caption aligncenter\"><a href=\"http:\/\/www.evelyn-sommerhoff.de\/blog\/wp-content\/uploads\/2013\/05\/DSCN24501.jpg\"><img aria-describedby=\"caption-attachment-775\" decoding=\"async\" loading=\"lazy\" class=\"size-medium wp-image-775\" src=\"http:\/\/www.evelyn-sommerhoff.de\/blog\/wp-content\/uploads\/2013\/05\/DSCN24501-300x262.jpg\" alt=\"DanaE, 125 x 100, \u00d6l auf LW, 2013\" width=\"300\" height=\"262\" srcset=\"https:\/\/www.evelyn-sommerhoff.de\/blog\/wp-content\/uploads\/2013\/05\/DSCN24501-300x262.jpg 300w, https:\/\/www.evelyn-sommerhoff.de\/blog\/wp-content\/uploads\/2013\/05\/DSCN24501-1023x895.jpg 1023w\" sizes=\"(max-width: 300px) 100vw, 300px\" \/><\/a><p id=\"caption-attachment-775\" class=\"wp-caption-text\">Evelyn Sommerhoff\u00a0\u00a0\u00a0\u00a0 Weisses Paar (Danae:), 125 x 100, \u00d6l auf LW, 2013<\/p><\/div>\n<p>Malerei von Evelyn Sommerhoff bei Cornelissen. Foto: Galerie <em>Von Angelika Wende<\/em> WIESBADEN &#8211; Wer einen mit bunten Bildern \u00fcberfluteten Raum nicht f\u00fcrchtet, hat es zwar dennoch schwer, sich der Wahrnehmung der Ausstellung mit Arbeiten der Fotok\u00fcnstlerin Sabine Wild in der Lumas Galerie (Wilhelmstra\u00dfe) unter dem Titel \u201eProjektions\u201c achtsam zu widmen, aber der Blick darauf lohnt sich. Mitten im knallbunten neben- und \u00fcbereinander geh\u00e4ngten Angebot fotografischer Hochglanzware findet der interessierte Betrachter schlie\u00dflich die Werke der Berliner Fotografin \u2013 mitten hinein geh\u00e4ngt. Die Werke der K\u00fcnstlerin blitzen als Wildsche Handschrift klar erkennbar heraus und die zur Vernissage anwesende K\u00fcnstlerin spricht \u00fcber ihre Arbeiten, zu denen jetzt aktuell ein Fotoband mit 32 Farbfotografien erschienen ist. Nahezu malerisch wirkt der Gestus dieser Architektur- und Stadtfotografien. Digital mit Unsch\u00e4rfen bearbeitet, mittels leuchtender Farben verfremdet, mit Horizontal- und L\u00e4ngsschraffuren versehen, schafft Wild Kunstwerke aus Linien und Strukturen, Licht und Schatten, die eine Stimmung zwischen kontemplativer Ruhe und subtiler Morbidit\u00e4t transportieren. Die wie eingefroren anmutende Bewegungslosigkeit menschenleerer, n\u00e4chtlicher, urbaner Szenerien zitiert Architektur als Ma\u00df der Dinge. \u00dcber die rein abbildende Fotografie hinaus schafft die K\u00fcnstlerin eine stark verfremdete, nahezu surreal wirkende Realit\u00e4t, fernab der Wirklichkeitsebene. Das Spiel mit Doppelb\u00f6digkeit und Tiefe gelingt ihr meisterhaft. Ob New York, Shanghai oder Hong Kong, man erf\u00e4hrt, Sabine Wild bereist die Metropolen der Welt auf ihre h\u00f6chst eigene Weise. Mit der Kamera, mit Vorliebe von ganz oben eingefangen, setzt sie Stra\u00dfen, Wahrzeichen und Skylines in Szene. In der Werkreihe Woods steigert Sabine Wild ihre malerisch anmutenden Ausdrucksmittel mittels der Linie gar bis in die Abstraktion und verbindet Fotografie und Malerei zu einem faszinierenden Ganzen. \u201eEvelyn Sommerhoff \u2013 on Stage\u201c hei\u00dft die aktuelle Ausstellung der Galerie Cornelissen in der H\u00e4fnergasse. Der Betrachter ist unmittelbar auf den roten Faden der k\u00fcnstlerischen Arbeit Sommerhoffs verwiesen: Bewegung in Rot, auf der B\u00fchne des Tanzes und des Lebens. Es gibt unendlich viele Deutungen der Rotsymbolik, aber in einer sind sich wohl alle Menschen einig \u2013 Rot ist die Farbe der erotischen Liebe und damit auch die Farbe der Leidenschaft. Leidenschaftlich, so wirken die ausdrucksstarken vor lustvoller Bewegung geradezu strotzenden Gem\u00e4lde der rothaarigen K\u00fcnstlerin, die als Malerin mit Faible f\u00fcr erotische Verschlingungen auf der Leinwand bekannt ist. Der K\u00f6rper ist Sommerhoffs Thema, um das sie in immer neuen Variationen kreist. Einzeln oder in Verbindung mit anderen K\u00f6rpern zeigen ihre Figurationen bewegte und bewegende K\u00f6rperzust\u00e4nde, die von menschlichen Befindlichkeiten sprechen, welche \u00fcber den \u201eTempel der Seele\u201c hinausgreifen.<\/p>\n","protected":false},"excerpt":{"rendered":"\n\n\n\n\n\n\n\n\nMEN\u00dcStartseiteEinblick&#8211; Berlin-Mitte&#8211; Jahresempfang&#8211; Verein&#8211; Lageplan&#8211; Mitglieder&#8211; Mitglied werden&#8211; Gesicht des Monats&#8211; Emagazin&#8211; Impressum&#8211; newsletterNewsEventsPublicWlan   \n\n\n\n suchen \n\n\n\n\n\n\n\n\n\n \n\nRED my first love\nAusstellung von Evelyn &hellip;","protected":false},"author":2,"featured_media":0,"parent":0,"menu_order":0,"comment_status":"open","ping_status":"closed","template":"","meta":[],"_links":{"self":[{"href":"https:\/\/www.evelyn-sommerhoff.de\/index.php?rest_route=\/wp\/v2\/pages\/1077"}],"collection":[{"href":"https:\/\/www.evelyn-sommerhoff.de\/index.php?rest_route=\/wp\/v2\/pages"}],"about":[{"href":"https:\/\/www.evelyn-sommerhoff.de\/index.php?rest_route=\/wp\/v2\/types\/page"}],"author":[{"embeddable":true,"href":"https:\/\/www.evelyn-sommerhoff.de\/index.php?rest_route=\/wp\/v2\/users\/2"}],"replies":[{"embeddable":true,"href":"https:\/\/www.evelyn-sommerhoff.de\/index.php?rest_route=%2Fwp%2Fv2%2Fcomments&post=1077"}],"version-history":[{"count":5,"href":"https:\/\/www.evelyn-sommerhoff.de\/index.php?rest_route=\/wp\/v2\/pages\/1077\/revisions"}],"predecessor-version":[{"id":1081,"href":"https:\/\/www.evelyn-sommerhoff.de\/index.php?rest_route=\/wp\/v2\/pages\/1077\/revisions\/1081"}],"wp:attachment":[{"href":"https:\/\/www.evelyn-sommerhoff.de\/index.php?rest_route=%2Fwp%2Fv2%2Fmedia&parent=1077"}],"curies":[{"name":"wp","href":"https:\/\/api.w.org\/{rel}","templated":true}]}}