{"id":18,"date":"2009-12-11T17:58:49","date_gmt":"2009-12-11T16:58:49","guid":{"rendered":"http:\/\/www.evelyn-sommerhoff.de\/blog\/?page_id=18"},"modified":"2017-03-22T12:18:29","modified_gmt":"2017-03-22T11:18:29","slug":"kunstfuhrungen","status":"publish","type":"page","link":"https:\/\/www.evelyn-sommerhoff.de\/?page_id=18","title":{"rendered":"Kunstf\u00fchrungen"},"content":{"rendered":"<p>Die K\u00fcnstlerin Evelyn Sommerhoff veranstaltet Kunstf\u00fchrungen in Berlin und Potsdam<\/p>\n<p>Im Berliner und Potsdamer Bereich werden Kunstspazierg\u00e4nge bzw. erkl\u00e4rende Begleitung durch Stadtteile, aktuelle Ausstellungen, Museen, tempor\u00e4re Kunstevents, Vernissagen ect. angeboten<\/p>\n<p>Sprachen deutsch, englisch und russisch<\/p>\n<p>Fahrten bzw. Abholung mit Taxi, \u00f6ffentlichen Verkehrsmitteln<br \/>\nAngebot gilt f\u00fcr einzelne Privatpersonen oder Gruppen<\/p>\n","protected":false},"excerpt":{"rendered":"Die K\u00fcnstlerin Evelyn Sommerhoff veranstaltet Kunstf\u00fchrungen in Berlin und Potsdam\nIm Berliner und Potsdamer Bereich werden Kunstspazierg\u00e4nge bzw. erkl\u00e4rende Begleitung durch Stadtteile, aktuelle Ausstellungen, Museen, tempor\u00e4re &hellip;","protected":false},"author":1,"featured_media":0,"parent":0,"menu_order":0,"comment_status":"closed","ping_status":"closed","template":"","meta":[],"_links":{"self":[{"href":"https:\/\/www.evelyn-sommerhoff.de\/index.php?rest_route=\/wp\/v2\/pages\/18"}],"collection":[{"href":"https:\/\/www.evelyn-sommerhoff.de\/index.php?rest_route=\/wp\/v2\/pages"}],"about":[{"href":"https:\/\/www.evelyn-sommerhoff.de\/index.php?rest_route=\/wp\/v2\/types\/page"}],"author":[{"embeddable":true,"href":"https:\/\/www.evelyn-sommerhoff.de\/index.php?rest_route=\/wp\/v2\/users\/1"}],"replies":[{"embeddable":true,"href":"https:\/\/www.evelyn-sommerhoff.de\/index.php?rest_route=%2Fwp%2Fv2%2Fcomments&post=18"}],"version-history":[{"count":3,"href":"https:\/\/www.evelyn-sommerhoff.de\/index.php?rest_route=\/wp\/v2\/pages\/18\/revisions"}],"predecessor-version":[{"id":165,"href":"https:\/\/www.evelyn-sommerhoff.de\/index.php?rest_route=\/wp\/v2\/pages\/18\/revisions\/165"}],"wp:attachment":[{"href":"https:\/\/www.evelyn-sommerhoff.de\/index.php?rest_route=%2Fwp%2Fv2%2Fmedia&parent=18"}],"curies":[{"name":"wp","href":"https:\/\/api.w.org\/{rel}","templated":true}]}}