{"id":60,"date":"2009-12-16T14:16:39","date_gmt":"2009-12-16T13:16:39","guid":{"rendered":"http:\/\/www.evelyn-sommerhoff.de\/?page_id=60"},"modified":"2026-04-06T20:30:17","modified_gmt":"2026-04-06T19:30:17","slug":"motion-in-red","status":"publish","type":"page","link":"https:\/\/www.evelyn-sommerhoff.de\/?page_id=60","title":{"rendered":"aktuelle Projekte Ausstellungen international &#8211;  workshops &#8211; aktuelle Angebote Sommerakademie 2026 Freies Zeichnen (ausgebucht)"},"content":{"rendered":"\n<p><\/p>\n\n\n<p><a href=\"http:\/\/www.evelyn-sommerhoff.de\/blog\/wp-content\/uploads\/2009\/12\/Atelierhaus-22.jpg\"><img decoding=\"async\" loading=\"lazy\" class=\"aligncenter size-medium wp-image-1794\" src=\"http:\/\/www.evelyn-sommerhoff.de\/blog\/wp-content\/uploads\/2009\/12\/Atelierhaus-22-300x231.jpg\" alt=\"Atelierhaus 22\" width=\"300\" height=\"231\" srcset=\"https:\/\/www.evelyn-sommerhoff.de\/blog\/wp-content\/uploads\/2009\/12\/Atelierhaus-22-300x231.jpg 300w, https:\/\/www.evelyn-sommerhoff.de\/blog\/wp-content\/uploads\/2009\/12\/Atelierhaus-22-1024x790.jpg 1024w, https:\/\/www.evelyn-sommerhoff.de\/blog\/wp-content\/uploads\/2009\/12\/Atelierhaus-22.jpg 1952w\" sizes=\"(max-width: 300px) 100vw, 300px\" \/><\/a><\/p>\n<p><a href=\"http:\/\/www.evelyn-sommerhoff.de\/blog\/wp-content\/uploads\/2009\/12\/Presse-im-Wochenspiegel-Teltow-Fl\u00e4ming-2.Mai-19.jpg\"><img decoding=\"async\" loading=\"lazy\" class=\"aligncenter size-full wp-image-1587\" src=\"http:\/\/www.evelyn-sommerhoff.de\/blog\/wp-content\/uploads\/2009\/12\/Presse-im-Wochenspiegel-Teltow-Fl\u00e4ming-2.Mai-19.jpg\" alt=\"Presse im Wochenspiegel Teltow Fl\u00e4ming 2.Mai 19\" width=\"320\" height=\"214\" srcset=\"https:\/\/www.evelyn-sommerhoff.de\/blog\/wp-content\/uploads\/2009\/12\/Presse-im-Wochenspiegel-Teltow-Fl\u00e4ming-2.Mai-19.jpg 320w, https:\/\/www.evelyn-sommerhoff.de\/blog\/wp-content\/uploads\/2009\/12\/Presse-im-Wochenspiegel-Teltow-Fl\u00e4ming-2.Mai-19-300x201.jpg 300w\" sizes=\"(max-width: 320px) 100vw, 320px\" \/><\/a><\/p>\n<p>&#8212;&#8212;&#8212;&#8212;&#8212;&#8212;&#8212;&#8212;&#8212;&#8212;&#8212;&#8212;&#8212;&#8212;&#8212;&#8212;&#8212;&#8212;&#8212;&#8212;&#8212;&#8212;&#8212;&#8212;&#8212;&#8212;&#8212;&#8212;&#8212;&#8212;&#8212;&#8212;&#8212;&#8212;&#8212;&#8212;&#8212;&#8212;&#8212;&#8212;&#8212;&#8212;&#8212;&#8212;<\/p>\n<p><em><strong><span style=\"text-decoration: underline;\">Mein neues Angebot f\u00fcr Interessierte,\u00a0Bew\u00e4hrte, \u00a0Erfahrene, Neugierige und Anf\u00e4nger\u00a0:<\/span><\/strong><\/em><\/p>\n<p><span style=\"color: #ff0000;\"><em><strong>SOMMERAKADEMIE\u00a0 2026<\/strong><\/em><\/span><\/p>\n<p>Anmeldung: Touristinformation Schieder-Schwalenberg<\/p>\n<p><span style=\"color: #ff0000;\">R\u00fcckantwort \/ Best\u00e4tigung anfordern !!!!<\/span><\/p>\n<p>Marktstrasse 5, 32816 Schieder-Schwalenberg<\/p>\n<p>Tel.: 05282 60194<\/p>\n<p>mail:<\/p>\n<p>tourismus@schieder-schwalenberg.de<\/p>\n<p><span style=\"color: #ff0000;\">\u00a0<strong>Freies Zeichnen unter der Regie von Evelyn Sommerhoff<\/strong><\/span><\/p>\n<p>Termine:<\/p>\n<p>Wochenkurse 22. Juli bis 28. Juli und vom 29. Juli bis 4. August\u00a0 2026<\/p>\n<p>Teilnahme an beiden Kursen oder 3 Tage ebenfalls m\u00f6glich<\/p>\n<p>Das erwartet Sie und ich freue mich auf Sie:<\/p>\n<p><strong><strong>KREATIVIT\u00c4T f\u00fcllt leeren Raum<\/strong><\/strong><\/p>\n<p>Lippische Zeitung<\/p>\n<p>SOMMERAKADEMIE<strong> SCHIEDER-SCHWALENBERG<\/strong><\/p>\n<p>170 Hobby-K\u00fcnstler aus Deutschland, Finnland und der Schweiz holen sich in Schieder Schwalenberg Profi-Tipps f\u00fcrs Zeichnen, Malen und plastische Arbeiten mit unterschiedlichen Materialien<\/p>\n<div style=\"width: 640px;\" class=\"wp-video\"><!--[if lt IE 9]><script>document.createElement('video');<\/script><![endif]-->\n<video class=\"wp-video-shortcode\" id=\"video-60-1\" width=\"640\" height=\"480\" preload=\"metadata\" controls=\"controls\"><source type=\"video\/mp4\" src=\"http:\/\/www.evelyn-sommerhoff.de\/blog\/wp-content\/uploads\/2009\/12\/Malen-nach-Musik-2020.mp4?_=1\" \/><a href=\"http:\/\/www.evelyn-sommerhoff.de\/blog\/wp-content\/uploads\/2009\/12\/Malen-nach-Musik-2020.mp4\">http:\/\/www.evelyn-sommerhoff.de\/blog\/wp-content\/uploads\/2009\/12\/Malen-nach-Musik-2020.mp4<\/a><\/video><\/div>\n<p>Malen nach Musik<\/p>\n<p><a href=\"http:\/\/www.evelyn-sommerhoff.de\/blog\/wp-content\/uploads\/2009\/12\/LZ-Sommerakademie-4-3-20202.jpg\"><img decoding=\"async\" loading=\"lazy\" class=\"aligncenter size-medium wp-image-1668\" src=\"http:\/\/www.evelyn-sommerhoff.de\/blog\/wp-content\/uploads\/2009\/12\/LZ-Sommerakademie-4-3-20202-278x300.jpg\" alt=\"LZ Sommerakademie 4-3-2020\" width=\"278\" height=\"300\" srcset=\"https:\/\/www.evelyn-sommerhoff.de\/blog\/wp-content\/uploads\/2009\/12\/LZ-Sommerakademie-4-3-20202-278x300.jpg 278w, https:\/\/www.evelyn-sommerhoff.de\/blog\/wp-content\/uploads\/2009\/12\/LZ-Sommerakademie-4-3-20202.jpg 296w\" sizes=\"(max-width: 278px) 100vw, 278px\" \/><\/a>VON BARBARA LUETGEBRUNE<\/p>\n<p>Schieder-Schwalenberg. Vi-valdi-Kl\u00e4nge erf\u00fcllen den Atelierraum im Werkhaus, der Fr\u00fchling aus den \u201eVier Jahres-zeiten\u201c. Die acht Teilnehmer im Kursus \u201eFreies Zeichnen und Malen\u201c bei Evelyn Sommerhoff lassen sich von der Musik inspirieren \u2013 einer von vielen Ans\u00e4tzen, mit denen die Dozentin die Hobby-K\u00fcnstler n\u00e4her an ihre Intuition, an ihren ureigenen k\u00fcnstlerischen Gestus f\u00fchren m\u00f6chte. Es ist die zweite Woche der Schwalenberger Sommerakademie, die die Kulturagentur des Landesverbandes in Kooperation mit der Stadt Schieder-Schwalenberg jedes Jahr ausrichtet. 170 Teilnehmer aus ganz Deutschland, aber auch aus Finnland und der Schweiz holen sich von insgesamt zehn renommierten Dozenten Tipps und Impulse f\u00fcr die Malerei in \u00d6l, Acryl, Tempera und Gouache, f\u00fcrs plastische Arbeiten in Ton, Speck- und Ytong-stein, f\u00fcr die Bildhauerei, f\u00fcr die Arbeit mit Drucktechniken und f\u00fcrs Zeichnen. \u201eViele Kurse sind ausgebucht, und den Teilnehmern gefallen sie offenbar richtig gut \u2013 gerade gestern haben drei f\u00fcr eine weitere Woche verl\u00e4ngert\u201c, berichtet Vera Scheef, Projektlei-terin der Sommerakademie bei der Lippischen Kulturagentur. Das gilt auch f\u00fcr einen der acht Teilnehmer in Evelyn Sommerhoffs Kursus. \u201eIch habe diesmal einen asiatischen Ansatz gew\u00e4hlt: Anfangs leeren wir uns, was den Alltag betrifft, und betreten einen leeren Raum, den wir jetzt mit Kreativit\u00e4t f\u00fcllen\u201c, sagt die Dozentin, die seit 2012 jeden Sommer aus Berlin in die Malerstadt kommt. Der Begriff vom Raum spielt aber nicht nur eine abstrakte Rolle, sondern bezieht sich auch ganz konkret auf die k\u00fcnstlerische Arbeit auf dem Blatt. \u201ePunkt \u2013 Linie \u2013 Fl\u00e4che \u2013 Raum\u201c: So skizziert Evelyn Sommerhoff den Weg durch die Ebenen eines Bildes, den die Teilnehmer sicher zu gehen lernen sollen. Meditation, K\u00f6rper\u00fcbungen, automatisches Zeichnen und Schwung\u00fcbungen anhand japanischer Schriftzeichen z\u00e4hlen zu den Techniken, mit denen die Dozentin ihre Sch\u00fcler an ihre k\u00fcnstlerische Intuition heranf\u00fchren will. \u201eDie R\u00fcckmeldungen sind positiv\u201c, sagt Evelyn Sommerhoff. \u201eEine Teilnehmerin letzte Woche etwa war gl\u00fccklich, dass sie ihre eingefahrenen Techniken loslassen und Neues erproben konnte.\u201c Auch in dieser Woche geht das Konzept auf. \u201eMan w\u00e4chst \u00fcber sich hinaus, auch durch die Meditation\u201c, findet Monica Rodriguez\u00a0 mit Blick auf das Bild auf ihrer Staffelei, das ihr gut gef\u00e4llt. In ihrem Alltag als Mutter von zwei Kindern komme sie nicht mehr so viel zum Malen wie in fr\u00fcheren Jahren. \u201eJetzt kann ich mich eine Woche lang komplett darauf konzentrieren, das tut echt gut\u201c, sagt die Teilnehmerin aus Kassel. Aus Lage kommt Simone Hohmann. Sie ist nicht nur \u201eErstt\u00e4terin\u201c mit Blick auf die Sommerakademie \u2013 \u201ef\u00fcr mich ist dies die erste Begegnung mit der Malerei \u00fcberhaupt\u201c, erz\u00e4hlt sie. \u201eIch fand das immer spannend, aber im Kunstunterricht in der Schule hat mir eine Lehrerin jede Motivation dazu genommen, indem sie sagte, das mit dem Malen solle ich mal lieber lassen.\u201c Ihr Interesse an Kunst lebte sie fortan als Betrachterin aus \u2013 in Schwalenberg erobert sie sich nun die Praxis zur\u00fcck. Um`s Zeichnen geht es Ute Deling aus Detmold. `Zum zweiten Mal ist sie in Evelyn Sommerhoffs Kursus, und die lobt das Bild, das die Detmolderin gerade in Arbeit hat. Und einen Tipp gibt\u2019s auch noch: \u201eDas Gitter, mit dem du das Bild unterlegt hast, k\u00f6nntest du noch deutlicher&#8230;&#8230;.<a href=\"http:\/\/www.evelyn-sommerhoff.de\/blog\/wp-content\/uploads\/2009\/12\/Atelierhaus-22.jpg\"><img decoding=\"async\" loading=\"lazy\" class=\"aligncenter  wp-image-1794\" src=\"http:\/\/www.evelyn-sommerhoff.de\/blog\/wp-content\/uploads\/2009\/12\/Atelierhaus-22-300x231.jpg\" sizes=\"(max-width: 300px) 100vw, 300px\" srcset=\"http:\/\/www.evelyn-sommerhoff.de\/blog\/wp-content\/uploads\/2009\/12\/Atelierhaus-22-300x231.jpg 300w, http:\/\/www.evelyn-sommerhoff.de\/blog\/wp-content\/uploads\/2009\/12\/Atelierhaus-22-1024x790.jpg 1024w, http:\/\/www.evelyn-sommerhoff.de\/blog\/wp-content\/uploads\/2009\/12\/Atelierhaus-22.jpg 1952w\" alt=\"Atelierhaus 22\" width=\"5\" height=\"4\" \/><\/a><\/p>\n<div id=\"wrapper\" class=\"hfeed\">\n<div id=\"container\">\n<div id=\"content\">\n<div id=\"post-60\" class=\"hentry p1 page publish author-eso category-allgemein tag- y2009 m12 d16 h15\">\n<div class=\"entry-content\">\n<p><a href=\"http:\/\/www.evelyn-sommerhoff.de\/blog\/wp-content\/uploads\/2009\/12\/Presse-im-Wochenspiegel-Teltow-Fl\u00e4ming-2.Mai-19.jpg\"><img decoding=\"async\" loading=\"lazy\" class=\"aligncenter size-full wp-image-1587\" src=\"http:\/\/www.evelyn-sommerhoff.de\/blog\/wp-content\/uploads\/2009\/12\/Presse-im-Wochenspiegel-Teltow-Fl\u00e4ming-2.Mai-19.jpg\" sizes=\"(max-width: 320px) 100vw, 320px\" srcset=\"http:\/\/www.evelyn-sommerhoff.de\/blog\/wp-content\/uploads\/2009\/12\/Presse-im-Wochenspiegel-Teltow-Fl\u00e4ming-2.Mai-19.jpg 320w, http:\/\/www.evelyn-sommerhoff.de\/blog\/wp-content\/uploads\/2009\/12\/Presse-im-Wochenspiegel-Teltow-Fl\u00e4ming-2.Mai-19-300x201.jpg 300w\" alt=\"Presse im Wochenspiegel Teltow Fl\u00e4ming 2.Mai 19\" width=\"320\" height=\"214\" \/><\/a><\/p>\n<p>\u2014\u2014\u2014\u2014\u2014\u2014\u2014\u2014\u2014\u2014\u2014\u2014\u2014\u2014\u2014\u2014\u2014\u2014\u2014\u2014\u2014\u2014\u2014\u2014\u2014\u2014\u2014\u2014\u2014\u2014\u2014\u2014\u2014\u2014\u2014\u2014\u2014\u2014\u2014\u2014\u2014\u2014\u2014\u2014<\/p>\n<p><em><strong>Mein neues Angebot f\u00fcr Interessierte,\u00a0Bew\u00e4hrte, \u00a0Erfahrene, Neugierige und Anf\u00e4nger\u00a0:<\/strong><\/em><\/p>\n<p><em><strong>SOMMERAKADEMIE\u00a0 2026<\/strong><\/em><\/p>\n<p>Anmeldung: Touristinformation Schieder-Schwalenberg<\/p>\n<p>R\u00fcckantwort \/ Best\u00e4tigung anfordern !!!!<\/p>\n<p>Marktstrasse 5, 32816 Schieder-Schwalenberg<\/p>\n<p>Tel.: 05282 60194<\/p>\n<p>mail:<\/p>\n<p>tourismus@schieder-schwalenberg.de<\/p>\n<p><strong>Freies Zeichnen unter der Regie von Evelyn Sommerhoff<\/strong><\/p>\n<p>Termine:<\/p>\n<p>Wochenkurse 22. Juli bis 28 Juli und vom 29. Juli bis 4. August\u00a0 2025<\/p>\n<p>Teilnahme an beiden Kursen oder 3 Tage ebenfalls m\u00f6glich<\/p>\n<p>Das erwartet Sie und ich freue mich auf Sie:<\/p>\n<p><strong>KREATIVIT\u00c4T f\u00fcllt leeren Raum<\/strong><\/p>\n<p>Lippische Zeitung<\/p>\n<p>SOMMERAKADEMIE<strong> SCHIEDER-SCHWALENBERG<\/strong><\/p>\n<p>170 Hobby-K\u00fcnstler aus Deutschland, Finnland und der Schweiz holen sich in Schieder Schwalenberg Profi-Tipps f\u00fcrs Zeichnen, Malen und plastische Arbeiten mit unterschiedlichen Materialien<\/p>\n<div class=\"wp-video\"><span class=\"mejs-offscreen\">Video Player<\/span>\n<p>\u00a0<\/p>\n<div id=\"mep_0\" class=\"mejs-container wp-video-shortcode mejs-video mejs-container-keyboard-inactive\" tabindex=\"0\" role=\"application\" aria-label=\"Video Player\">\n<div class=\"mejs-inner\">\n<div class=\"mejs-mediaelement\"><video id=\"video-60-1_html5\" class=\"wp-video-shortcode\" src=\"http:\/\/www.evelyn-sommerhoff.de\/blog\/wp-content\/uploads\/2009\/12\/Malen-nach-Musik-2020.mp4?_=1\" preload=\"metadata\" width=\"640\" height=\"480\" data-mce-fragment=\"1\"><\/video><\/div>\n<div class=\"mejs-layers\">\n<div class=\"mejs-overlay mejs-layer mejs-overlay-play\">\n<div class=\"mejs-overlay-button\" tabindex=\"0\" role=\"button\" aria-label=\"Play\" aria-pressed=\"true\">\u00a0<\/div>\n<\/div>\n<\/div>\n<div class=\"mejs-controls\">\n<div class=\"mejs-button mejs-playpause-button mejs-replay\">\u00a0<\/div>\n<\/div>\n<\/div>\n<\/div>\n<\/div>\n<\/div>\n<\/div>\n<\/div>\n<\/div>\n<\/div>\n<p>\u201c Vivaldis \u201eVier Jahreszeiten\u201c \u2013jetzt ist der Sommer dran. \u00a0 <a href=\"http:\/\/www.evelyn-sommerhoff.de\/blog\/wp-content\/uploads\/2009\/12\/20160712_205811.jpg\"><img decoding=\"async\" loading=\"lazy\" class=\"wp-image-1389 size-medium\" src=\"http:\/\/www.evelyn-sommerhoff.de\/blog\/wp-content\/uploads\/2009\/12\/20160712_205811-169x300.jpg\" alt=\"20160712_205811\" width=\"169\" height=\"300\" srcset=\"https:\/\/www.evelyn-sommerhoff.de\/blog\/wp-content\/uploads\/2009\/12\/20160712_205811-169x300.jpg 169w, https:\/\/www.evelyn-sommerhoff.de\/blog\/wp-content\/uploads\/2009\/12\/20160712_205811-576x1024.jpg 576w\" sizes=\"(max-width: 169px) 100vw, 169px\" \/><\/a> \u00a0 <a href=\"http:\/\/www.evelyn-sommerhoff.de\/blog\/wp-content\/uploads\/2009\/12\/20160712_205451.jpg\"><img decoding=\"async\" loading=\"lazy\" class=\"wp-image-1390 size-medium\" src=\"http:\/\/www.evelyn-sommerhoff.de\/blog\/wp-content\/uploads\/2009\/12\/20160712_205451-300x169.jpg\" alt=\"20160712_205451\" width=\"300\" height=\"169\" srcset=\"https:\/\/www.evelyn-sommerhoff.de\/blog\/wp-content\/uploads\/2009\/12\/20160712_205451-300x169.jpg 300w, https:\/\/www.evelyn-sommerhoff.de\/blog\/wp-content\/uploads\/2009\/12\/20160712_205451-1024x576.jpg 1024w\" sizes=\"(max-width: 300px) 100vw, 300px\" \/><\/a><\/p>\n<div class=\"wp-video\"><!-- [if lt IE 9]><script>document.createElement('video');<\/script><![endif]-->\n<p>\u00a0<\/p>\n<div id=\"mep_0\" class=\"mejs-container svg wp-video-shortcode mejs-video\" tabindex=\"0\">\u00a0<\/div>\n<\/div>\n<p><strong>\u00a0<\/strong> S<em>ommerakademie<\/em><strong><em> Schieder Schwalenberg\u00a0\u00a0 2024<\/em><\/strong><\/p>\n<p>Freies Malen und Zeichnen in der wunderbaren gr\u00fcn strahlenden Umgebung zwischen \u00a0Teutoburger Wald und Weserbergland im Renaissanceort Schieder \u2013 Schwalenberg\u2026<\/p>\n<p>Gemeinsames Kunstmachen Diskutieren Geniessen Wandern Erholen<\/p>\n<p>in 32816 Schieder &#8211; Schwalenberg, K\u00fcnstlerhaus, im \u00a0grossen Saal mit grossen Arbeitstischen und Staffeleien<\/p>\n<p>Termin und Thema: Freies Malen und Zeichnen 2026 \u2013 Dozentin Evelyn Sommerhoff<\/p>\n<p>1.und 2.\u00a0Woche der Sommerakademie\u00a0jeweils eine Woche oder beide Wochen hintereinander m\u00f6glich:<\/p>\n<p>unter k\u00fcnstlerischer Anleitung jeweils ein Kurs\u00a0\u00a0Mi \u2013\u00a0Sa und \u00a0Mo-Di\u00a0von 10.00 \u2013 14.00 Uhr intensiv.<\/p>\n<p>gro\u00dfe Arbeitsr\u00e4ume\u00a0 und das Atelier ist \u00a024 Stunden frei f\u00fcr Sie \u00a0zum Arbeiten!<\/p>\n<p>Alle \u00a0hochwertigen und professionellen Arbeitsmaterialien sind zum Gro\u00dfhandelspreis vor Ort erh\u00e4ltlich, einschl. gro\u00dfformatiger Papiere und Pappen, Keilrahmen, Bindemittel etc. .<\/p>\n<p>bitte\u00a0wesentlich fr\u00fcher anmelden, da letztes Jahr beide Kurse schnell belegt waren<\/p>\n<p><strong>Freies Malen und Zeichnen bei Evelyn Sommerhoff<\/strong><\/p>\n<p><strong>Vom Punkt zur Linie, zur Zeichnung:<\/strong> Linien besitzen eine enorme emotionale Ausdruckskraft \u2013 sie k\u00f6nnen fein, linear oder dynamisch wild, monochrom oder bunt sein, ganz nach pers\u00f6nlichem Empfinden. Das Zeichnen und Malen auf gro\u00dfen Fl\u00e4chen vermittelt ein Gef\u00fchl der Freiheit, ein kreativer Tanz, bei dem der Stift den leeren Raum f\u00fcllt. W\u00e4hrend des k\u00fcnstlerischen Schaffens entwickeln viele Teilnehmerinnen und Teilnehmer den Mut, ihre Wahrnehmung zu erweitern und freier zu gestalten. Energie, Spa\u00df und Bewegung werden sowohl k\u00f6rperlich als auch k\u00fcnstlerisch umgesetzt.<\/p>\n<p>Die Auswahl an Zeichenmaterialien ist vielf\u00e4ltig: Tusche, verschiedene Stifte, Kohle, \u00d6lpastell, Pinselstriche in \u00d6l, Acryl oder Aquarell, Bambusfedern, japanische Pinsel und vieles mehr. Farbige F\u00fcllungen der Strukturen erfolgen mit Aquarell, leichten \u00d6l- oder Acryllasuren. Als Tr\u00e4ger dienen gro\u00dfformatige Papiere, Papierbahnen, Chinapapier sowie Leinw\u00e4nde.<\/p>\n<p><strong>Vom Punkt zur Linie, von der Linie zur Fl\u00e4che \u2013 hin zum Raum.<\/strong> Ob Landschaft, Musik, Bewegung, Objekte oder abstrakte Gedanken \u2013 alles kann visualisiert und dargestellt werden. Der kreative Prozess bleibt frei, orientiert sich jedoch an den Grundprinzipien der Harmonie, Materialkunde und Bildgestaltung. Die Themen entstehen im Austausch oder basierend auf eigenen Ideen.<\/p>\n<p>Der Kurs richtet sich an Anf\u00e4nger und Fortgeschrittene. Materialien k\u00f6nnen vor Ort erworben oder selbst mitgebracht werden. Empfehlenswert sind: eigene Stifte und Farben (Acryl, Gouache, Tempera, Aquarell, Buntstifte, \u00d6lpastellstifte, Graphit), Skizzenpapier, Zettelkasten, Klebeband, Zeichenrohrfedern, farbige Tuschen, Mallappen, Arbeitskleidung, Lieblingsmusik auf CD und nat\u00fcrlich gute Laune.<\/p>\n<p><strong>Kurszeiten:<\/strong> Der Kurs beginnt jeden Mittwoch um 10:00 Uhr und endet am Dienstag \u2013 sechs Tage ohne Sonntag. Die Teilnehmerzahl ist auf maximal 10 Personen begrenzt.<\/p>\n<p>Schwalenberger Sommerakademie l\u00e4uft:<\/p>\n<div>200 Hobby-K\u00fcnstler werden in der Malerstadt kreativ<\/div>\n<div>\n<div>\n<div>\n<div><img decoding=\"async\" loading=\"lazy\" id=\"count_img_3372071\" src=\"http:\/\/www.lz.de\/no.gif\" alt=\"\" width=\"0\" height=\"0\" border=\"0\" \/><img alt=\"\" border=\"0\" \/><img alt=\"T\u00e4gliche \u00dcbungen\" \/><\/div>\n<\/div>\n<\/div>\n<\/div>\n<div id=\"absatz1\">Schieder-Schwalenberg (blu). In der Malerstadt ist derzeit die 31. Schwalenberger Sommerakademie des Landesverbandes Lippe in vollem Gange: Mehr als 200 Hobbyk\u00fcnstler lassen sich von fachkundigen Dozenten in die unterschiedlichsten k\u00fcnstlerischen Techniken und Stile einf\u00fchren.<\/div>\n<div>\u00a0<\/div>\n<p>Wieder ein\u00a0 Angebot im Programm der Sommerakademie 2025\u00a0 ist der Kursus von Evelyn Sommerhoff:<\/p>\n<p>Die Berlinerin unterrichtet die Teilnehmer im Freien Malen und Zeichnen. \u201d Hier muss niemand einen gezeichneten Kirchturm oder ein Pferd abliefern. Mir geht es darum, dass die Teilnehmer lernen, das leere Blatt mit ihrer eigenen Energie zu f\u00fcllen\u201d, sagt sie. Das interessiert viele Teilnehmer.<\/p>\n<p>Anmeldung: Touristinformation Schieder-Schwalenberg<\/p>\n<p>R\u00fcckantwort bzw. schr. Best\u00e4tigung anfordern<\/p>\n<p>Marktstrasse 5, 32816 Schieder-Schwalenberg<\/p>\n<p>Tel.: 05282 60194<\/p>\n<p>Website Touristinformation www.schieder-schwalenberg.de<\/p>\n<div class=\"entry-meta\">___________________________________________________________________________________<\/div>\n<p><span style=\"color: #ff0000;\"><span style=\"color: #ff00ff;\">MIT ANDEREN AUGEN<\/span><\/span><\/p>\n<p><span style=\"color: #ff00ff;\"><strong>K\u00dcNSTLERAUSTAUSCH NANNING \/CHINA\u00a0 &#8211; BERLIN 2026<\/strong><\/span><\/p>\n<p>1\u00df.04.2026 &#8211; 26.04.2026<\/p>\n<p>&#8212;&#8212;&#8212;&#8212;&#8212;&#8212;&#8212;&#8212;&#8212;&#8212;&#8212;&#8212;&#8212;&#8212;&#8212;&#8212;&#8212;&#8212;&#8212;&#8212;&#8212;&#8212;&#8212;&#8212;&#8212;&#8212;&#8212;&#8212;&#8212;&#8212;&#8212;&#8212;&#8212;&#8212;&#8212;&#8212;&#8212;&#8211;<\/p>\n<p><span style=\"color: #ff0000;\"><strong>Spontanit\u00e4t trifft Tradition 2024\u00a0<\/strong><\/span><\/p>\n<p><strong>K\u00fcnstleraustausch, Arbeiten in Nanning, Ausstellen im Nationalmuseum Nanning, Guanzy\/ China<\/strong><\/p>\n<p>April 2024<\/p>\n<p><span style=\"color: #00ff00;\"><strong>ATMOSFERA | Go west \u2013 Go east\u00a0 \u00a0 \u00a0 \u00a0<\/strong><\/span><\/p>\n<p><span style=\"color: #00ff00;\"><strong>K\u00fcnstleraustausch Berlin Vilnius<\/strong><\/span><\/p>\n<ol start=\"13\">\n<li><strong> Oktober &#8211; 4. <\/strong><strong>November\u00a02018<\/strong><\/li>\n<\/ol>\n<p>Er\u00f6ffnung Freitag, 12. 10. 2018,\u00a019 Uhr Begr\u00fc\u00dfung durch den\u00a0Vorstand \u00a0 <strong>\u00d6ffnungszeiten der Galerie<\/strong> Di-Fr 15 bis 19 Uhr, Sa-So 14 bis 18 Uhr<a href=\"http:\/\/www.evelyn-sommerhoff.de\/blog\/wp-content\/uploads\/2018\/09\/ESO-sieht-Marianna-Werefkina-Herbstspaziergang.jpg\"><img decoding=\"async\" loading=\"lazy\" class=\"aligncenter size-medium wp-image-1495\" src=\"http:\/\/www.evelyn-sommerhoff.de\/blog\/wp-content\/uploads\/2018\/09\/ESO-sieht-Marianna-Werefkina-Herbstspaziergang-130x300.jpg\" alt=\"ESO sieht Marianna Werefkina-Herbstspaziergang\" width=\"130\" height=\"300\" srcset=\"https:\/\/www.evelyn-sommerhoff.de\/blog\/wp-content\/uploads\/2018\/09\/ESO-sieht-Marianna-Werefkina-Herbstspaziergang-130x300.jpg 130w, https:\/\/www.evelyn-sommerhoff.de\/blog\/wp-content\/uploads\/2018\/09\/ESO-sieht-Marianna-Werefkina-Herbstspaziergang-442x1024.jpg 442w, https:\/\/www.evelyn-sommerhoff.de\/blog\/wp-content\/uploads\/2018\/09\/ESO-sieht-Marianna-Werefkina-Herbstspaziergang.jpg 584w\" sizes=\"(max-width: 130px) 100vw, 130px\" \/><\/a><\/p>\n<p><span style=\"color: #0000ff;\">HAND IN HAND <strong>K\u00fcnstleraustausch vor Ort in Chengdu\/ China<\/strong> <strong>mit anschliessender Ausstellung<\/strong> <\/span><\/p>\n<p><strong>13.10.2019-28.10.2019<\/strong> \u00a0 <a href=\"http:\/\/www.evelyn-sommerhoff.de\/blog\/wp-content\/uploads\/2018\/10\/Kunstausstellung-Hand-in-Hand-in-Chengdu-Ausw\u00e4rtiges-Amt.html\">Kunstausstellung Hand in Hand in Chengdu &#8211; Ausw\u00e4rtiges Amt<\/a><a href=\"http:\/\/www.evelyn-sommerhoff.de\/blog\/wp-content\/uploads\/2018\/10\/Ausstellungsplakat.jpg\"><img decoding=\"async\" loading=\"lazy\" class=\"aligncenter size-medium wp-image-1515\" src=\"http:\/\/www.evelyn-sommerhoff.de\/blog\/wp-content\/uploads\/2018\/10\/Ausstellungsplakat-300x203.jpg\" alt=\"Ausstellungsplakat\" width=\"300\" height=\"203\" srcset=\"https:\/\/www.evelyn-sommerhoff.de\/blog\/wp-content\/uploads\/2018\/10\/Ausstellungsplakat-300x203.jpg 300w, https:\/\/www.evelyn-sommerhoff.de\/blog\/wp-content\/uploads\/2018\/10\/Ausstellungsplakat-1024x694.jpg 1024w\" sizes=\"(max-width: 300px) 100vw, 300px\" \/><\/a><\/p>\n<div id=\"attachment_1511\" style=\"width: 269px\" class=\"wp-caption aligncenter\"><a href=\"http:\/\/www.evelyn-sommerhoff.de\/blog\/wp-content\/uploads\/2018\/10\/chengdu.png\"><img aria-describedby=\"caption-attachment-1511\" decoding=\"async\" loading=\"lazy\" class=\"size-full wp-image-1511\" src=\"http:\/\/www.evelyn-sommerhoff.de\/blog\/wp-content\/uploads\/2018\/10\/chengdu.png\" alt=\"Hong Dei Art Museum\" width=\"259\" height=\"194\" \/><\/a><p id=\"caption-attachment-1511\" class=\"wp-caption-text\">Hong Dei Art Museum<\/p><\/div>\n<p class=\"rte__paragraph\">Unter Schirmherrschaft des Generalkonsulats wird vom 27. Oktober bis 27. November die Kunstausstellung \u201eHand in Hand\u201c \u00a0im Hong Die Museum Chengdu zu sehen sein.<\/p>\n<p class=\"rte__paragraph\">Die binationale Ausstellung zeitgen\u00f6ssischer Kunst entstand in Zusammenarbeit mit dem Verein Berliner K\u00fcnstler und China Conception. Ziel der Ausstellung ist es, zum Einen mit bildnerischen Mitteln die beiden Kulturen in Dialog zu bringen. Zum Anderen soll der k\u00fcnstlerische Austausch zwischen K\u00fcnstlern aus Chengdu und Berlin angeregt werden. Die Kunstwerke entstanden mit besonderem Fokus auf die Reflektion des \u00a0jeweils anderen Landes.<\/p>","protected":false},"excerpt":{"rendered":"\n\n\n\n\n\n&#8212;&#8212;&#8212;&#8212;&#8212;&#8212;&#8212;&#8212;&#8212;&#8212;&#8212;&#8212;&#8212;&#8212;&#8212;&#8212;&#8212;&#8212;&#8212;&#8212;&#8212;&#8212;&#8212;&#8212;&#8212;&#8212;&#8212;&#8212;&#8212;&#8212;&#8212;&#8212;&#8212;&#8212;&#8212;&#8212;&#8212;&#8212;&#8212;&#8212;&#8212;&#8212;&#8212;&#8212;\nMein neues Angebot f\u00fcr Interessierte,\u00a0Bew\u00e4hrte, \u00a0Erfahrene, Neugierige und Anf\u00e4nger\u00a0:\nSOMMERAKADEMIE\u00a0 2026\nAnmeldung: Touristinformation Schieder-Schwalenberg\nR\u00fcckantwort \/ Best\u00e4tigung anfordern !!!!\nMarktstrasse 5, 32816 Schieder-Schwalenberg\nTel.: 05282 60194\nmail:\ntourismus@schieder-schwalenberg.de\n\u00a0Freies Zeichnen unter der Regie &hellip;","protected":false},"author":2,"featured_media":0,"parent":55,"menu_order":0,"comment_status":"closed","ping_status":"closed","template":"","meta":[],"_links":{"self":[{"href":"https:\/\/www.evelyn-sommerhoff.de\/index.php?rest_route=\/wp\/v2\/pages\/60"}],"collection":[{"href":"https:\/\/www.evelyn-sommerhoff.de\/index.php?rest_route=\/wp\/v2\/pages"}],"about":[{"href":"https:\/\/www.evelyn-sommerhoff.de\/index.php?rest_route=\/wp\/v2\/types\/page"}],"author":[{"embeddable":true,"href":"https:\/\/www.evelyn-sommerhoff.de\/index.php?rest_route=\/wp\/v2\/users\/2"}],"replies":[{"embeddable":true,"href":"https:\/\/www.evelyn-sommerhoff.de\/index.php?rest_route=%2Fwp%2Fv2%2Fcomments&post=60"}],"version-history":[{"count":106,"href":"https:\/\/www.evelyn-sommerhoff.de\/index.php?rest_route=\/wp\/v2\/pages\/60\/revisions"}],"predecessor-version":[{"id":2104,"href":"https:\/\/www.evelyn-sommerhoff.de\/index.php?rest_route=\/wp\/v2\/pages\/60\/revisions\/2104"}],"up":[{"embeddable":true,"href":"https:\/\/www.evelyn-sommerhoff.de\/index.php?rest_route=\/wp\/v2\/pages\/55"}],"wp:attachment":[{"href":"https:\/\/www.evelyn-sommerhoff.de\/index.php?rest_route=%2Fwp%2Fv2%2Fmedia&parent=60"}],"curies":[{"name":"wp","href":"https:\/\/api.w.org\/{rel}","templated":true}]}}