{"id":904,"date":"2014-09-24T09:58:09","date_gmt":"2014-09-24T08:58:09","guid":{"rendered":"http:\/\/www.evelyn-sommerhoff.de\/?page_id=904"},"modified":"2017-02-09T15:03:47","modified_gmt":"2017-02-09T14:03:47","slug":"bilder-von-bildern","status":"publish","type":"page","link":"https:\/\/www.evelyn-sommerhoff.de\/?page_id=904","title":{"rendered":"Bilder von Bildern"},"content":{"rendered":"<div id=\"attachment_905\" style=\"width: 810px\" class=\"wp-caption aligncenter\"><a href=\"http:\/\/www.evelyn-sommerhoff.de\/blog\/wp-content\/uploads\/2014\/09\/Kleine-Reiterei-veni-vidi-da-vinci.jpg\"><img aria-describedby=\"caption-attachment-905\" decoding=\"async\" loading=\"lazy\" class=\"size-large wp-image-915\" title=\"Kleine Reiterei -veni, vidi, da vinci\" src=\"http:\/\/www.evelyn-sommerhoff.de\/blog\/wp-content\/uploads\/2014\/09\/Kleine-Reiterei-veni-vidi-da-vinci-1024x863.jpg\" alt=\"\" width=\"800\" height=\"674\" srcset=\"https:\/\/www.evelyn-sommerhoff.de\/blog\/wp-content\/uploads\/2014\/09\/Kleine-Reiterei-veni-vidi-da-vinci-1024x863.jpg 1024w, https:\/\/www.evelyn-sommerhoff.de\/blog\/wp-content\/uploads\/2014\/09\/Kleine-Reiterei-veni-vidi-da-vinci-300x253.jpg 300w\" sizes=\"(max-width: 800px) 100vw, 800px\" \/><\/a><p id=\"caption-attachment-905\" class=\"wp-caption-text\">Kleine Reiterei &#8211; veni vidi da vinci, 125 x 150, \u00d6l auf LW, 2008<\/p><\/div>\n<div id=\"attachment_1323\" style=\"width: 310px\" class=\"wp-caption aligncenter\"><a href=\"http:\/\/www.evelyn-sommerhoff.de\/blog\/wp-content\/uploads\/2014\/09\/20170209_130022-1.jpg\"><img aria-describedby=\"caption-attachment-1323\" decoding=\"async\" loading=\"lazy\" class=\"wp-image-1323 size-medium\" src=\"http:\/\/www.evelyn-sommerhoff.de\/blog\/wp-content\/uploads\/2014\/09\/20170209_130022-1-300x300.jpg\" alt=\"20170209_130022 (1)\" width=\"300\" height=\"300\" srcset=\"https:\/\/www.evelyn-sommerhoff.de\/blog\/wp-content\/uploads\/2014\/09\/20170209_130022-1-300x300.jpg 300w, https:\/\/www.evelyn-sommerhoff.de\/blog\/wp-content\/uploads\/2014\/09\/20170209_130022-1-150x150.jpg 150w, https:\/\/www.evelyn-sommerhoff.de\/blog\/wp-content\/uploads\/2014\/09\/20170209_130022-1-1021x1024.jpg 1021w\" sizes=\"(max-width: 300px) 100vw, 300px\" \/><\/a><p id=\"caption-attachment-1323\" class=\"wp-caption-text\">Eitel ? II, Mischtechnik auf Leinwand, 100&#215;100, 2017<\/p><\/div>\n<p>&nbsp;<\/p>\n<div id=\"attachment_1289\" style=\"width: 268px\" class=\"wp-caption aligncenter\"><a href=\"http:\/\/www.evelyn-sommerhoff.de\/blog\/wp-content\/uploads\/2014\/09\/20161121_183245_001.jpg\"><img aria-describedby=\"caption-attachment-1289\" decoding=\"async\" loading=\"lazy\" class=\"wp-image-1289 size-medium\" src=\"http:\/\/www.evelyn-sommerhoff.de\/blog\/wp-content\/uploads\/2014\/09\/20161121_183245_001-258x300.jpg\" alt=\"20161121_183245_001\" width=\"258\" height=\"300\" srcset=\"https:\/\/www.evelyn-sommerhoff.de\/blog\/wp-content\/uploads\/2014\/09\/20161121_183245_001-258x300.jpg 258w, https:\/\/www.evelyn-sommerhoff.de\/blog\/wp-content\/uploads\/2014\/09\/20161121_183245_001-882x1024.jpg 882w\" sizes=\"(max-width: 258px) 100vw, 258px\" \/><\/a><p id=\"caption-attachment-1289\" class=\"wp-caption-text\">Vom Ursprung&#8230;.\u00d6l auf LW, 100&#215;100, 2016<\/p><\/div>\n<p>&nbsp;<\/p>\n<div id=\"attachment_1293\" style=\"width: 310px\" class=\"wp-caption aligncenter\"><a href=\"http:\/\/www.evelyn-sommerhoff.de\/blog\/wp-content\/uploads\/2014\/09\/20161121_182748.jpg\"><img aria-describedby=\"caption-attachment-1293\" decoding=\"async\" loading=\"lazy\" class=\"wp-image-1293 size-medium\" src=\"http:\/\/www.evelyn-sommerhoff.de\/blog\/wp-content\/uploads\/2014\/09\/20161121_182748-300x240.jpg\" alt=\"\" width=\"300\" height=\"240\" srcset=\"https:\/\/www.evelyn-sommerhoff.de\/blog\/wp-content\/uploads\/2014\/09\/20161121_182748-300x240.jpg 300w, https:\/\/www.evelyn-sommerhoff.de\/blog\/wp-content\/uploads\/2014\/09\/20161121_182748-1024x819.jpg 1024w\" sizes=\"(max-width: 300px) 100vw, 300px\" \/><\/a><p id=\"caption-attachment-1293\" class=\"wp-caption-text\">Zwiegespr\u00e4ch Mischtechnik, Chinapapier auf LW 80&#215;120 2017<\/p><\/div>\n<p>&nbsp;<\/p>\n<div id=\"attachment_1290\" style=\"width: 267px\" class=\"wp-caption aligncenter\"><a href=\"http:\/\/www.evelyn-sommerhoff.de\/blog\/wp-content\/uploads\/2014\/09\/20161121_183443.jpg\"><img aria-describedby=\"caption-attachment-1290\" decoding=\"async\" loading=\"lazy\" class=\"wp-image-1290 size-medium\" src=\"http:\/\/www.evelyn-sommerhoff.de\/blog\/wp-content\/uploads\/2014\/09\/20161121_183443-257x300.jpg\" alt=\"\" width=\"257\" height=\"300\" srcset=\"https:\/\/www.evelyn-sommerhoff.de\/blog\/wp-content\/uploads\/2014\/09\/20161121_183443-257x300.jpg 257w, https:\/\/www.evelyn-sommerhoff.de\/blog\/wp-content\/uploads\/2014\/09\/20161121_183443-876x1024.jpg 876w\" sizes=\"(max-width: 257px) 100vw, 257px\" \/><\/a><p id=\"caption-attachment-1290\" class=\"wp-caption-text\">Maria bestraft das Jesuskind( nach Max Ernst) \u00d6l auf Leinwand, 100&#215;100, 2017<\/p><\/div>\n<div id=\"attachment_1291\" style=\"width: 310px\" class=\"wp-caption alignnone\"><a href=\"http:\/\/www.evelyn-sommerhoff.de\/blog\/wp-content\/uploads\/2014\/09\/20161121_183553.jpg\"><img aria-describedby=\"caption-attachment-1291\" decoding=\"async\" loading=\"lazy\" class=\"wp-image-1291 size-medium\" src=\"http:\/\/www.evelyn-sommerhoff.de\/blog\/wp-content\/uploads\/2014\/09\/20161121_183553-300x257.jpg\" alt=\"\" width=\"300\" height=\"257\" srcset=\"https:\/\/www.evelyn-sommerhoff.de\/blog\/wp-content\/uploads\/2014\/09\/20161121_183553-300x257.jpg 300w, https:\/\/www.evelyn-sommerhoff.de\/blog\/wp-content\/uploads\/2014\/09\/20161121_183553-1024x878.jpg 1024w\" sizes=\"(max-width: 300px) 100vw, 300px\" \/><\/a><p id=\"caption-attachment-1291\" class=\"wp-caption-text\">Eitel? ( nach Bellini) \u00d6l auf LW, 100&#215;100, 2017<\/p><\/div>\n<p><a href=\"http:\/\/www.evelyn-sommerhoff.de\/blog\/wp-content\/uploads\/2014\/09\/Fr\u00fchst\u00fcck-im-Gelben.jpg\"><img decoding=\"async\" loading=\"lazy\" class=\"size-large wp-image-913\" title=\"Fr\u00fchst\u00fcck im Gelben\" src=\"http:\/\/www.evelyn-sommerhoff.de\/blog\/wp-content\/uploads\/2014\/09\/Fr\u00fchst\u00fcck-im-Gelben-1024x849.jpg\" alt=\"\" width=\"800\" height=\"663\" srcset=\"https:\/\/www.evelyn-sommerhoff.de\/blog\/wp-content\/uploads\/2014\/09\/Fr\u00fchst\u00fcck-im-Gelben-1024x849.jpg 1024w, https:\/\/www.evelyn-sommerhoff.de\/blog\/wp-content\/uploads\/2014\/09\/Fr\u00fchst\u00fcck-im-Gelben-300x248.jpg 300w\" sizes=\"(max-width: 800px) 100vw, 800px\" \/><\/a> Fr\u00fchst\u00fcck im Gelben Giudizo di Paride, 125 x 150, \u00d6l auf LW, 2008 <a href=\"http:\/\/www.evelyn-sommerhoff.de\/blog\/wp-content\/uploads\/2014\/09\/IMG_8247.jpg\"><img decoding=\"async\" loading=\"lazy\" class=\"size-medium wp-image-911\" title=\"IMG_8247\" src=\"http:\/\/www.evelyn-sommerhoff.de\/blog\/wp-content\/uploads\/2014\/09\/IMG_8247-300x210.jpg\" alt=\"\" width=\"300\" height=\"210\" srcset=\"https:\/\/www.evelyn-sommerhoff.de\/blog\/wp-content\/uploads\/2014\/09\/IMG_8247-300x210.jpg 300w, https:\/\/www.evelyn-sommerhoff.de\/blog\/wp-content\/uploads\/2014\/09\/IMG_8247-1023x718.jpg 1023w, https:\/\/www.evelyn-sommerhoff.de\/blog\/wp-content\/uploads\/2014\/09\/IMG_8247.jpg 1879w\" sizes=\"(max-width: 300px) 100vw, 300px\" \/><\/a> Kleine reiterei 5, Tusche auf Transparent, 15 x 20, 2010 <a href=\"http:\/\/www.evelyn-sommerhoff.de\/blog\/wp-content\/uploads\/2014\/09\/IMG_8236.jpg\"><img decoding=\"async\" loading=\"lazy\" class=\"size-medium wp-image-908\" title=\"IMG_8236\" src=\"http:\/\/www.evelyn-sommerhoff.de\/blog\/wp-content\/uploads\/2014\/09\/IMG_8236-300x263.jpg\" alt=\"\" width=\"300\" height=\"263\" srcset=\"https:\/\/www.evelyn-sommerhoff.de\/blog\/wp-content\/uploads\/2014\/09\/IMG_8236-300x263.jpg 300w, https:\/\/www.evelyn-sommerhoff.de\/blog\/wp-content\/uploads\/2014\/09\/IMG_8236-1024x898.jpg 1024w\" sizes=\"(max-width: 300px) 100vw, 300px\" \/><\/a> Kleine Reiterei 3, Tusche auf Transparent, 15 x 20, 2010 <a href=\"http:\/\/www.evelyn-sommerhoff.de\/blog\/wp-content\/uploads\/2014\/09\/DSCN0557.jpg\"><img decoding=\"async\" loading=\"lazy\" class=\"size-large wp-image-905\" title=\"DSCN0557\" src=\"http:\/\/www.evelyn-sommerhoff.de\/blog\/wp-content\/uploads\/2014\/09\/DSCN0557-1023x839.jpg\" alt=\"\" width=\"800\" height=\"656\" srcset=\"https:\/\/www.evelyn-sommerhoff.de\/blog\/wp-content\/uploads\/2014\/09\/DSCN0557-1023x839.jpg 1023w, https:\/\/www.evelyn-sommerhoff.de\/blog\/wp-content\/uploads\/2014\/09\/DSCN0557-300x245.jpg 300w\" sizes=\"(max-width: 800px) 100vw, 800px\" \/><\/a> &#8230;der mit dem Finger&#8230; ( kleiner Reiterei 10, da Vinci), 110 x 125, \u00d6l auf LW, 2013<\/p>\n","protected":false},"excerpt":{"rendered":"Kleine Reiterei &#8211; veni vidi da vinci, 125 x 150, \u00d6l auf LW, 2008\nEitel ? II, Mischtechnik auf Leinwand, 100&#215;100, 2017\n&nbsp;\nVom Ursprung&#8230;.\u00d6l auf LW, 100&#215;100, &hellip;","protected":false},"author":2,"featured_media":0,"parent":0,"menu_order":0,"comment_status":"open","ping_status":"closed","template":"","meta":[],"_links":{"self":[{"href":"https:\/\/www.evelyn-sommerhoff.de\/index.php?rest_route=\/wp\/v2\/pages\/904"}],"collection":[{"href":"https:\/\/www.evelyn-sommerhoff.de\/index.php?rest_route=\/wp\/v2\/pages"}],"about":[{"href":"https:\/\/www.evelyn-sommerhoff.de\/index.php?rest_route=\/wp\/v2\/types\/page"}],"author":[{"embeddable":true,"href":"https:\/\/www.evelyn-sommerhoff.de\/index.php?rest_route=\/wp\/v2\/users\/2"}],"replies":[{"embeddable":true,"href":"https:\/\/www.evelyn-sommerhoff.de\/index.php?rest_route=%2Fwp%2Fv2%2Fcomments&post=904"}],"version-history":[{"count":20,"href":"https:\/\/www.evelyn-sommerhoff.de\/index.php?rest_route=\/wp\/v2\/pages\/904\/revisions"}],"predecessor-version":[{"id":1324,"href":"https:\/\/www.evelyn-sommerhoff.de\/index.php?rest_route=\/wp\/v2\/pages\/904\/revisions\/1324"}],"wp:attachment":[{"href":"https:\/\/www.evelyn-sommerhoff.de\/index.php?rest_route=%2Fwp%2Fv2%2Fmedia&parent=904"}],"curies":[{"name":"wp","href":"https:\/\/api.w.org\/{rel}","templated":true}]}}